{"id":1341,"date":"2021-07-19T08:31:44","date_gmt":"2021-07-19T08:31:44","guid":{"rendered":"https:\/\/ategina.iscsp.ulisboa.pt\/projetos\/"},"modified":"2023-04-09T14:35:59","modified_gmt":"2023-04-09T14:35:59","slug":"projects","status":"publish","type":"page","link":"https:\/\/ategina.iscsp.ulisboa.pt\/en\/projects\/","title":{"rendered":"Projects"},"content":{"rendered":"\t\t<div data-elementor-type=\"wp-page\" data-elementor-id=\"1341\" class=\"elementor elementor-1341 elementor-1022\">\n\t\t\t\t\t\t\t\t\t<section class=\"elementor-section elementor-top-section elementor-element elementor-element-37989b3 elementor-section-boxed elementor-section-height-default elementor-section-height-default\" data-id=\"37989b3\" data-element_type=\"section\">\n\t\t\t\t\t\t<div class=\"elementor-container elementor-column-gap-no\">\n\t\t\t\t\t<div class=\"elementor-column elementor-col-100 elementor-top-column elementor-element elementor-element-aeda66c\" data-id=\"aeda66c\" data-element_type=\"column\">\n\t\t\t<div class=\"elementor-widget-wrap elementor-element-populated\">\n\t\t\t\t\t\t\t\t<section class=\"elementor-section elementor-inner-section elementor-element elementor-element-ad101a6 elementor-section-boxed elementor-section-height-default elementor-section-height-default\" data-id=\"ad101a6\" data-element_type=\"section\">\n\t\t\t\t\t\t<div class=\"elementor-container elementor-column-gap-no\">\n\t\t\t\t\t<div class=\"elementor-column elementor-col-100 elementor-inner-column elementor-element elementor-element-c599458\" data-id=\"c599458\" data-element_type=\"column\">\n\t\t\t<div class=\"elementor-widget-wrap elementor-element-populated\">\n\t\t\t\t\t\t\t\t<div class=\"elementor-element elementor-element-3d2374a elementor-widget elementor-widget-heading\" data-id=\"3d2374a\" data-element_type=\"widget\" data-widget_type=\"heading.default\">\n\t\t\t\t<div class=\"elementor-widget-container\">\n\t\t\t<h4 class=\"elementor-heading-title elementor-size-default\">Projects<\/h4>\t\t<\/div>\n\t\t\t\t<\/div>\n\t\t\t\t<div class=\"elementor-element elementor-element-43da959 elementor-tabs-view-horizontal elementor-widget elementor-widget-tabs\" data-id=\"43da959\" data-element_type=\"widget\" data-widget_type=\"tabs.default\">\n\t\t\t\t<div class=\"elementor-widget-container\">\n\t\t\t\t\t<div class=\"elementor-tabs\">\n\t\t\t<div class=\"elementor-tabs-wrapper\" role=\"tablist\" >\n\t\t\t\t\t\t\t\t\t<div id=\"elementor-tab-title-7111\" class=\"elementor-tab-title elementor-tab-desktop-title\" aria-selected=\"true\" data-tab=\"1\" role=\"tab\" tabindex=\"0\" aria-controls=\"elementor-tab-content-7111\" aria-expanded=\"false\">Project M\u00e1lmon<\/div>\n\t\t\t\t\t\t\t\t\t<div id=\"elementor-tab-title-7112\" class=\"elementor-tab-title elementor-tab-desktop-title\" aria-selected=\"false\" data-tab=\"2\" role=\"tab\" tabindex=\"-1\" aria-controls=\"elementor-tab-content-7112\" aria-expanded=\"false\">Ocean Literacy Observatory<\/div>\n\t\t\t\t\t\t\t\t\t<div id=\"elementor-tab-title-7113\" class=\"elementor-tab-title elementor-tab-desktop-title\" aria-selected=\"false\" data-tab=\"3\" role=\"tab\" tabindex=\"-1\" aria-controls=\"elementor-tab-content-7113\" aria-expanded=\"false\"> EnviroAnth<\/div>\n\t\t\t\t\t\t\t<\/div>\n\t\t\t<div class=\"elementor-tabs-content-wrapper\" role=\"tablist\" aria-orientation=\"vertical\">\n\t\t\t\t\t\t\t\t\t<div class=\"elementor-tab-title elementor-tab-mobile-title\" aria-selected=\"true\" data-tab=\"1\" role=\"tab\" tabindex=\"0\" aria-controls=\"elementor-tab-content-7111\" aria-expanded=\"false\">Project M\u00e1lmon<\/div>\n\t\t\t\t\t<div id=\"elementor-tab-content-7111\" class=\"elementor-tab-content elementor-clearfix\" data-tab=\"1\" role=\"tabpanel\" aria-labelledby=\"elementor-tab-title-7111\" tabindex=\"0\" hidden=\"false\"><p>Atualmente pesquisadores da Ategina est\u00e3o envolvidos neste projeto:<\/p>\n<ul>\n<li><a href=\"https:\/\/www.malmon-desira.com\/\" target=\"_blank\" rel=\"noopener\">Project M\u00e1lmon- Official Website<\/a><\/li>\n<\/ul>\n<\/div>\n\t\t\t\t\t\t\t\t\t<div class=\"elementor-tab-title elementor-tab-mobile-title\" aria-selected=\"false\" data-tab=\"2\" role=\"tab\" tabindex=\"-1\" aria-controls=\"elementor-tab-content-7112\" aria-expanded=\"false\">Ocean Literacy Observatory<\/div>\n\t\t\t\t\t<div id=\"elementor-tab-content-7112\" class=\"elementor-tab-content elementor-clearfix\" data-tab=\"2\" role=\"tabpanel\" aria-labelledby=\"elementor-tab-title-7112\" tabindex=\"0\" hidden=\"hidden\"><p>Atualmente pesquisadores da Ategina est\u00e3o envolvidos neste projeto:<\/p>\n<ul>\n<li><a href=\"http:\/\/olo.blue\/\" target=\"_blank\" rel=\"noopener\">Ocean Literacy Observatory<\/a><\/li>\n<\/ul>\n<\/div>\n\t\t\t\t\t\t\t\t\t<div class=\"elementor-tab-title elementor-tab-mobile-title\" aria-selected=\"false\" data-tab=\"3\" role=\"tab\" tabindex=\"-1\" aria-controls=\"elementor-tab-content-7113\" aria-expanded=\"false\"> EnviroAnth<\/div>\n\t\t\t\t\t<div id=\"elementor-tab-content-7113\" class=\"elementor-tab-content elementor-clearfix\" data-tab=\"3\" role=\"tabpanel\" aria-labelledby=\"elementor-tab-title-7113\" tabindex=\"0\" hidden=\"hidden\"><p><strong>EnviroAnth<\/strong>&#8211; <em>O contributo da Antropologia Ambiental e da Etnobiologia para a compreens\u00e3o da sociedade em transforma\u00e7\u00e3o<\/em>.<br \/><strong>Nome do investigador respons\u00e1vel:<\/strong> Prof. Rui M. S\u00e1.<\/p><p>Este projecto principal divide-se em dois workpackages::<\/p><ul><li><a href=\"http:\/\/ategina.iscsp.ulisboa.pt\/download\/1817\/\" target=\"_blank\" rel=\"noopener\">WP1- Monitoriza\u00e7\u00e3o e Vigil\u00e2ncia da Parasitofauna Gastrointestinal dos Primatas da Guin\u00e9-Bissau<\/a><\/li><li><a href=\"http:\/\/ategina.iscsp.ulisboa.pt\/wp-content\/uploads\/dlm_uploads\/2021\/10\/Projetos-CTROP-FIC_2.pdf\" target=\"_blank\" rel=\"noopener\">WP2- Etnobiologia, ambiente e cultura na adapta\u00e7\u00e3o dos Bijag\u00f3s da Guin\u00e9-Bissau<\/a><\/li><\/ul><p>O <a href=\"https:\/\/www.ctrop.ulisboa.pt\/\" target=\"_blank\" rel=\"noopener\">Col\u00e9gio Tropical<\/a> da Universidade de Lisboa colabora diretamente com este projecto sediado no CAPP.<\/p><\/div>\n\t\t\t\t\t\t\t<\/div>\n\t\t<\/div>\n\t\t\t\t<\/div>\n\t\t\t\t<\/div>\n\t\t\t\t\t<\/div>\n\t\t<\/div>\n\t\t\t\t\t\t\t<\/div>\n\t\t<\/section>\n\t\t\t\t\t<\/div>\n\t\t<\/div>\n\t\t\t\t\t\t\t<\/div>\n\t\t<\/section>\n\t\t\t\t\t\t\t<\/div>\n\t\t","protected":false},"excerpt":{"rendered":"<p>Projects Project M\u00e1lmon Ocean Literacy Observatory EnviroAnth Project M\u00e1lmon Atualmente pesquisadores da Ategina est\u00e3o envolvidos neste projeto: Project M\u00e1lmon- Official Website Ocean Literacy Observatory Atualmente pesquisadores da Ategina est\u00e3o envolvidos neste projeto: Ocean Literacy Observatory EnviroAnth EnviroAnth&#8211; O contributo da Antropologia Ambiental e da Etnobiologia para a compreens\u00e3o da sociedade em transforma\u00e7\u00e3o.Nome do investigador respons\u00e1vel: [&hellip;]<\/p>\n","protected":false},"author":1,"featured_media":0,"parent":0,"menu_order":0,"comment_status":"closed","ping_status":"closed","template":"elementor_header_footer","meta":{"footnotes":""},"_links":{"self":[{"href":"https:\/\/ategina.iscsp.ulisboa.pt\/en\/wp-json\/wp\/v2\/pages\/1341"}],"collection":[{"href":"https:\/\/ategina.iscsp.ulisboa.pt\/en\/wp-json\/wp\/v2\/pages"}],"about":[{"href":"https:\/\/ategina.iscsp.ulisboa.pt\/en\/wp-json\/wp\/v2\/types\/page"}],"author":[{"embeddable":true,"href":"https:\/\/ategina.iscsp.ulisboa.pt\/en\/wp-json\/wp\/v2\/users\/1"}],"replies":[{"embeddable":true,"href":"https:\/\/ategina.iscsp.ulisboa.pt\/en\/wp-json\/wp\/v2\/comments?post=1341"}],"version-history":[{"count":12,"href":"https:\/\/ategina.iscsp.ulisboa.pt\/en\/wp-json\/wp\/v2\/pages\/1341\/revisions"}],"predecessor-version":[{"id":2222,"href":"https:\/\/ategina.iscsp.ulisboa.pt\/en\/wp-json\/wp\/v2\/pages\/1341\/revisions\/2222"}],"wp:attachment":[{"href":"https:\/\/ategina.iscsp.ulisboa.pt\/en\/wp-json\/wp\/v2\/media?parent=1341"}],"curies":[{"name":"wp","href":"https:\/\/api.w.org\/{rel}","templated":true}]}}