{"id":1279,"date":"2021-06-18T16:33:26","date_gmt":"2021-06-18T16:33:26","guid":{"rendered":"https:\/\/ategina.iscsp.ulisboa.pt\/inicio\/"},"modified":"2023-04-14T10:27:53","modified_gmt":"2023-04-14T10:27:53","slug":"home","status":"publish","type":"page","link":"https:\/\/ategina.iscsp.ulisboa.pt\/en\/","title":{"rendered":"Home"},"content":{"rendered":"\t\t<div data-elementor-type=\"wp-page\" data-elementor-id=\"1279\" class=\"elementor elementor-1279 elementor-50\">\n\t\t\t\t\t\t\t\t\t<section class=\"elementor-section elementor-top-section elementor-element elementor-element-0252780 elementor-section-boxed elementor-section-height-default elementor-section-height-default\" data-id=\"0252780\" data-element_type=\"section\" data-settings=\"{&quot;background_background&quot;:&quot;slideshow&quot;,&quot;background_slideshow_gallery&quot;:[{&quot;id&quot;:2273,&quot;url&quot;:&quot;http:\\\/\\\/ategina.iscsp.ulisboa.pt\\\/wp-content\\\/uploads\\\/2023\\\/04\\\/slide_new_home_06.jpg&quot;},{&quot;id&quot;:2224,&quot;url&quot;:&quot;http:\\\/\\\/ategina.iscsp.ulisboa.pt\\\/wp-content\\\/uploads\\\/2023\\\/04\\\/slide_new_home_01.jpg&quot;},{&quot;id&quot;:2228,&quot;url&quot;:&quot;http:\\\/\\\/ategina.iscsp.ulisboa.pt\\\/wp-content\\\/uploads\\\/2023\\\/04\\\/slide_new_home_03.jpg&quot;},{&quot;id&quot;:2226,&quot;url&quot;:&quot;http:\\\/\\\/ategina.iscsp.ulisboa.pt\\\/wp-content\\\/uploads\\\/2023\\\/04\\\/slide_new_home_02.jpg&quot;},{&quot;id&quot;:2275,&quot;url&quot;:&quot;http:\\\/\\\/ategina.iscsp.ulisboa.pt\\\/wp-content\\\/uploads\\\/2023\\\/04\\\/slide_new_home_07.jpg&quot;}],&quot;background_slideshow_slide_transition&quot;:&quot;slide_right&quot;,&quot;background_slideshow_loop&quot;:&quot;yes&quot;,&quot;background_slideshow_slide_duration&quot;:5000,&quot;background_slideshow_transition_duration&quot;:500}\">\n\t\t\t\t\t\t<div class=\"elementor-container elementor-column-gap-no\">\n\t\t\t\t\t<div class=\"elementor-column elementor-col-100 elementor-top-column elementor-element elementor-element-abd18b1\" data-id=\"abd18b1\" data-element_type=\"column\" data-settings=\"{&quot;background_background&quot;:&quot;classic&quot;}\">\n\t\t\t<div class=\"elementor-widget-wrap elementor-element-populated\">\n\t\t\t\t\t\t\t\t<section class=\"elementor-section elementor-inner-section elementor-element elementor-element-54349c3 elementor-hidden-phone elementor-section-boxed elementor-section-height-default elementor-section-height-default\" data-id=\"54349c3\" data-element_type=\"section\" data-settings=\"{&quot;background_background&quot;:&quot;classic&quot;}\">\n\t\t\t\t\t\t<div class=\"elementor-container elementor-column-gap-default\">\n\t\t\t\t\t<div class=\"elementor-column elementor-col-100 elementor-inner-column elementor-element elementor-element-9e20f6c\" data-id=\"9e20f6c\" data-element_type=\"column\">\n\t\t\t<div class=\"elementor-widget-wrap elementor-element-populated\">\n\t\t\t\t\t\t\t\t<div class=\"elementor-element elementor-element-618c340 elementor-widget elementor-widget-heading\" data-id=\"618c340\" data-element_type=\"widget\" data-widget_type=\"heading.default\">\n\t\t\t\t<div class=\"elementor-widget-container\">\n\t\t\t<h3 class=\"elementor-heading-title elementor-size-default\">Why is this research line important? <\/h3>\t\t<\/div>\n\t\t\t\t<\/div>\n\t\t\t\t<div class=\"elementor-element elementor-element-f5c1b2f elementor-widget elementor-widget-heading\" data-id=\"f5c1b2f\" data-element_type=\"widget\" data-widget_type=\"heading.default\">\n\t\t\t\t<div class=\"elementor-widget-container\">\n\t\t\t<h5 class=\"elementor-heading-title elementor-size-default\">Environmental issues have become a global concern and have therefore also been highlighted in the national, European and international political agenda. In this sense, a Research Line specially dedicated to environmental issues has been created within <i><a href=\"https:\/\/capp.iscsp.ulisboa.pt\/index.php\/pt\/comunicacao\/noticias\/item\/2769-linhas-de-investigacao-capp \" target=\"_blank\">CAPP \u2013 Centro de Administra\u00e7\u00e3o e Pol\u00edticas P\u00fablicas<\/a><\/i>.<\/h5>\t\t<\/div>\n\t\t\t\t<\/div>\n\t\t\t\t\t<\/div>\n\t\t<\/div>\n\t\t\t\t\t\t\t<\/div>\n\t\t<\/section>\n\t\t\t\t\t<\/div>\n\t\t<\/div>\n\t\t\t\t\t\t\t<\/div>\n\t\t<\/section>\n\t\t\t\t<section class=\"elementor-section elementor-top-section elementor-element elementor-element-3f72c4a7 elementor-section-content-middle elementor-section-boxed elementor-section-height-default elementor-section-height-default\" data-id=\"3f72c4a7\" data-element_type=\"section\" data-settings=\"{&quot;background_background&quot;:&quot;classic&quot;}\">\n\t\t\t\t\t\t<div class=\"elementor-container elementor-column-gap-no\">\n\t\t\t\t\t<div class=\"elementor-column elementor-col-50 elementor-top-column elementor-element elementor-element-f21e6b8\" data-id=\"f21e6b8\" data-element_type=\"column\">\n\t\t\t<div class=\"elementor-widget-wrap elementor-element-populated\">\n\t\t\t\t\t\t\t\t<div class=\"elementor-element elementor-element-1d59b7d elementor-widget elementor-widget-heading\" data-id=\"1d59b7d\" data-element_type=\"widget\" data-widget_type=\"heading.default\">\n\t\t\t\t<div class=\"elementor-widget-container\">\n\t\t\t<h3 class=\"elementor-heading-title elementor-size-default\">Anthropocene<\/h3>\t\t<\/div>\n\t\t\t\t<\/div>\n\t\t\t\t<div class=\"elementor-element elementor-element-78322af elementor-widget elementor-widget-heading\" data-id=\"78322af\" data-element_type=\"widget\" data-widget_type=\"heading.default\">\n\t\t\t\t<div class=\"elementor-widget-container\">\n\t\t\t<h4 class=\"elementor-heading-title elementor-size-default\">At\u00e9gina<\/h4>\t\t<\/div>\n\t\t\t\t<\/div>\n\t\t\t\t\t<\/div>\n\t\t<\/div>\n\t\t\t\t<div class=\"elementor-column elementor-col-50 elementor-top-column elementor-element elementor-element-4254fc4\" data-id=\"4254fc4\" data-element_type=\"column\">\n\t\t\t<div class=\"elementor-widget-wrap elementor-element-populated\">\n\t\t\t\t\t\t\t\t<div class=\"elementor-element elementor-element-6ff0b79c elementor-widget elementor-widget-text-editor\" data-id=\"6ff0b79c\" data-element_type=\"widget\" data-widget_type=\"text-editor.default\">\n\t\t\t\t<div class=\"elementor-widget-container\">\n\t\t\t\t\t\t\t<p>Simbolizada da sigla At\u00e9gina deusa do renascimento (Primavera), fertilidade, natureza e cura na mitologia lusitana depois romanizada, esta nova Linha de Investiga\u00e7\u00e3o do CAPP\/ISCSP prop\u00f5e-se como uma interface inter e transdisciplinar entre as problem\u00e1ticas decorrentes das emerg\u00eancias ambientais e visa sobretudo agregar conhecimento, cruzando e complementando experi\u00eancias e compet\u00eancias dos v\u00e1rios investigadores presentes no CAPP.<\/p>\n\t\t\t\t\t\t<\/div>\n\t\t\t\t<\/div>\n\t\t\t\t\t<\/div>\n\t\t<\/div>\n\t\t\t\t\t\t\t<\/div>\n\t\t<\/section>\n\t\t\t\t<section class=\"elementor-section elementor-top-section elementor-element elementor-element-d686b7b elementor-hidden-desktop elementor-hidden-tablet elementor-hidden-mobile elementor-section-boxed elementor-section-height-default elementor-section-height-default\" data-id=\"d686b7b\" data-element_type=\"section\" data-settings=\"{&quot;background_background&quot;:&quot;classic&quot;}\">\n\t\t\t\t\t\t<div class=\"elementor-container elementor-column-gap-no\">\n\t\t\t\t\t<div class=\"elementor-column elementor-col-100 elementor-top-column elementor-element elementor-element-8f30ed9\" data-id=\"8f30ed9\" data-element_type=\"column\">\n\t\t\t<div class=\"elementor-widget-wrap elementor-element-populated\">\n\t\t\t\t\t\t\t\t<div class=\"elementor-element elementor-element-d54c0bf elementor-widget elementor-widget-heading\" data-id=\"d54c0bf\" data-element_type=\"widget\" data-widget_type=\"heading.default\">\n\t\t\t\t<div class=\"elementor-widget-container\">\n\t\t\t<h4 class=\"elementor-heading-title elementor-size-default\">Future Events <\/h4>\t\t<\/div>\n\t\t\t\t<\/div>\n\t\t\t\t<section class=\"elementor-section elementor-inner-section elementor-element elementor-element-3a4d21b elementor-section-boxed elementor-section-height-default elementor-section-height-default\" data-id=\"3a4d21b\" data-element_type=\"section\">\n\t\t\t\t\t\t<div class=\"elementor-container elementor-column-gap-no\">\n\t\t\t\t\t<div class=\"elementor-column elementor-col-50 elementor-inner-column elementor-element elementor-element-06d2db4\" data-id=\"06d2db4\" data-element_type=\"column\">\n\t\t\t<div class=\"elementor-widget-wrap elementor-element-populated\">\n\t\t\t\t\t\t\t\t\t<\/div>\n\t\t<\/div>\n\t\t\t\t<div class=\"elementor-column elementor-col-50 elementor-inner-column elementor-element elementor-element-8c419cb\" data-id=\"8c419cb\" data-element_type=\"column\">\n\t\t\t<div class=\"elementor-widget-wrap\">\n\t\t\t\t\t\t\t\t\t<\/div>\n\t\t<\/div>\n\t\t\t\t\t\t\t<\/div>\n\t\t<\/section>\n\t\t\t\t\t<\/div>\n\t\t<\/div>\n\t\t\t\t\t\t\t<\/div>\n\t\t<\/section>\n\t\t\t\t\t\t\t<\/div>\n\t\t","protected":false},"excerpt":{"rendered":"<p>Why is this research line important? Environmental issues have become a global concern and have therefore also been highlighted in the national, European and international political agenda. In this sense, a Research Line specially dedicated to environmental issues has been created within CAPP \u2013 Centro de Administra\u00e7\u00e3o e Pol\u00edticas P\u00fablicas. Anthropocene At\u00e9gina Simbolizada da sigla [&hellip;]<\/p>\n","protected":false},"author":1,"featured_media":0,"parent":0,"menu_order":0,"comment_status":"closed","ping_status":"closed","template":"elementor_header_footer","meta":{"footnotes":""},"_links":{"self":[{"href":"https:\/\/ategina.iscsp.ulisboa.pt\/en\/wp-json\/wp\/v2\/pages\/1279"}],"collection":[{"href":"https:\/\/ategina.iscsp.ulisboa.pt\/en\/wp-json\/wp\/v2\/pages"}],"about":[{"href":"https:\/\/ategina.iscsp.ulisboa.pt\/en\/wp-json\/wp\/v2\/types\/page"}],"author":[{"embeddable":true,"href":"https:\/\/ategina.iscsp.ulisboa.pt\/en\/wp-json\/wp\/v2\/users\/1"}],"replies":[{"embeddable":true,"href":"https:\/\/ategina.iscsp.ulisboa.pt\/en\/wp-json\/wp\/v2\/comments?post=1279"}],"version-history":[{"count":30,"href":"https:\/\/ategina.iscsp.ulisboa.pt\/en\/wp-json\/wp\/v2\/pages\/1279\/revisions"}],"predecessor-version":[{"id":2281,"href":"https:\/\/ategina.iscsp.ulisboa.pt\/en\/wp-json\/wp\/v2\/pages\/1279\/revisions\/2281"}],"wp:attachment":[{"href":"https:\/\/ategina.iscsp.ulisboa.pt\/en\/wp-json\/wp\/v2\/media?parent=1279"}],"curies":[{"name":"wp","href":"https:\/\/api.w.org\/{rel}","templated":true}]}}